{"id":13,"date":"2025-05-05T22:38:41","date_gmt":"2025-05-05T20:38:41","guid":{"rendered":"http:\/\/www.floravea.fr\/mon-compte\/"},"modified":"2025-05-05T22:38:41","modified_gmt":"2025-05-05T20:38:41","slug":"mon-compte","status":"publish","type":"page","link":"https:\/\/www.floravea.fr\/?page_id=13","title":{"rendered":"Mon compte"},"content":{"rendered":"<div class=\"woocommerce\"><div class=\"woocommerce-notices-wrapper\"><\/div>\n\n\t\t<h2>Se connecter<\/h2>\n\n\t\t<form class=\"woocommerce-form woocommerce-form-login login\" method=\"post\" novalidate>\n\n\t\t\t\n\t\t\t<p class=\"woocommerce-form-row woocommerce-form-row--wide form-row form-row-wide\">\n\t\t\t\t<label for=\"username\">Identifiant ou e-mail&nbsp;<span class=\"required\" aria-hidden=\"true\">*<\/span><span class=\"screen-reader-text\">Obligatoire<\/span><\/label>\n\t\t\t\t<input type=\"text\" class=\"woocommerce-Input woocommerce-Input--text input-text\" name=\"username\" id=\"username\" autocomplete=\"username\" value=\"\" required aria-required=\"true\" \/>\t\t\t<\/p>\n\t\t\t<p class=\"woocommerce-form-row woocommerce-form-row--wide form-row form-row-wide\">\n\t\t\t\t<label for=\"password\">Mot de passe&nbsp;<span class=\"required\" aria-hidden=\"true\">*<\/span><span class=\"screen-reader-text\">Obligatoire<\/span><\/label>\n\t\t\t\t<input class=\"woocommerce-Input woocommerce-Input--text input-text\" type=\"password\" name=\"password\" id=\"password\" autocomplete=\"current-password\" required aria-required=\"true\" \/>\n\t\t\t<\/p>\n\n\t\t\t\n\t\t\t<p class=\"form-row\">\n\t\t\t\t<label class=\"woocommerce-form__label woocommerce-form__label-for-checkbox woocommerce-form-login__rememberme\">\n\t\t\t\t\t<input class=\"woocommerce-form__input woocommerce-form__input-checkbox\" name=\"rememberme\" type=\"checkbox\" id=\"rememberme\" value=\"forever\" \/> <span>Se souvenir de moi<\/span>\n\t\t\t\t<\/label>\n\t\t\t\t<input type=\"hidden\" id=\"woocommerce-login-nonce\" name=\"woocommerce-login-nonce\" value=\"2ac39303d6\" \/><input type=\"hidden\" name=\"_wp_http_referer\" value=\"\/index.php?rest_route=%2Fwp%2Fv2%2Fpages%2F13\" \/>\t\t\t\t<button type=\"submit\" class=\"woocommerce-button button woocommerce-form-login__submit\" name=\"login\" value=\"Se connecter\">Se connecter<\/button>\n\t\t\t<\/p>\n\t\t\t<p class=\"woocommerce-LostPassword lost_password\">\n\t\t\t\t<a href=\"https:\/\/www.floravea.fr\/?page_id=13&#038;lost-password\">Mot de passe perdu\u00a0?<\/a>\n\t\t\t<\/p>\n\n\t\t\t\n\t\t<\/form>\n\n\n<\/div>\n","protected":false},"excerpt":{"rendered":"","protected":false},"author":1,"featured_media":0,"parent":0,"menu_order":0,"comment_status":"closed","ping_status":"closed","template":"","meta":{"footnotes":""},"class_list":["post-13","page","type-page","status-publish","hentry"],"yoast_head":"<!-- This site is optimized with the Yoast SEO plugin v25.6 - https:\/\/yoast.com\/wordpress\/plugins\/seo\/ -->\n<title>Mon compte | Cr\u00e9ations fleurs s\u00e9ch\u00e9es | Floravea.fr<\/title>\n<meta name=\"robots\" content=\"noindex, follow, max-snippet:-1, max-image-preview:large, max-video-preview:-1\" \/>\n<meta property=\"og:locale\" content=\"fr_FR\" \/>\n<meta property=\"og:type\" content=\"article\" \/>\n<meta property=\"og:title\" content=\"Mon compte | Cr\u00e9ations fleurs s\u00e9ch\u00e9es | Floravea.fr\" \/>\n<meta property=\"og:url\" content=\"https:\/\/www.floravea.fr\/?page_id=13\" \/>\n<meta property=\"og:site_name\" content=\"Cr\u00e9ations fleurs s\u00e9ch\u00e9es | Floravea.fr\" \/>\n<meta name=\"twitter:card\" content=\"summary_large_image\" \/>\n<script type=\"application\/ld+json\" class=\"yoast-schema-graph\">{\"@context\":\"https:\/\/schema.org\",\"@graph\":[{\"@type\":\"WebPage\",\"@id\":\"https:\/\/www.floravea.fr\/?page_id=13\",\"url\":\"https:\/\/www.floravea.fr\/?page_id=13\",\"name\":\"Mon compte | Cr\u00e9ations fleurs s\u00e9ch\u00e9es | Floravea.fr\",\"isPartOf\":{\"@id\":\"https:\/\/www.floravea.fr\/#website\"},\"datePublished\":\"2025-05-05T20:38:41+00:00\",\"breadcrumb\":{\"@id\":\"https:\/\/www.floravea.fr\/?page_id=13#breadcrumb\"},\"inLanguage\":\"fr-FR\",\"potentialAction\":[{\"@type\":\"ReadAction\",\"target\":[\"https:\/\/www.floravea.fr\/?page_id=13\"]}]},{\"@type\":\"BreadcrumbList\",\"@id\":\"https:\/\/www.floravea.fr\/?page_id=13#breadcrumb\",\"itemListElement\":[{\"@type\":\"ListItem\",\"position\":1,\"name\":\"Accueil\",\"item\":\"https:\/\/www.floravea.fr\/\"},{\"@type\":\"ListItem\",\"position\":2,\"name\":\"Mon compte\"}]},{\"@type\":\"WebSite\",\"@id\":\"https:\/\/www.floravea.fr\/#website\",\"url\":\"https:\/\/www.floravea.fr\/\",\"name\":\"Cr\u00e9ations fleurs s\u00e9ch\u00e9es | Floravea.fr\",\"description\":\"Cr\u00e9ations en fleurs s\u00e9ch\u00e9es et stabilis\u00e9es : lettres fleuries, bouquets, couronnes\u2026 Pour mariage, naissance, bapt\u00eame, anniversaire ou d\u00e9co unique.\",\"publisher\":{\"@id\":\"https:\/\/www.floravea.fr\/#organization\"},\"potentialAction\":[{\"@type\":\"SearchAction\",\"target\":{\"@type\":\"EntryPoint\",\"urlTemplate\":\"https:\/\/www.floravea.fr\/?s={search_term_string}\"},\"query-input\":{\"@type\":\"PropertyValueSpecification\",\"valueRequired\":true,\"valueName\":\"search_term_string\"}}],\"inLanguage\":\"fr-FR\"},{\"@type\":\"Organization\",\"@id\":\"https:\/\/www.floravea.fr\/#organization\",\"name\":\"Floravea.fr\",\"url\":\"https:\/\/www.floravea.fr\/\",\"logo\":{\"@type\":\"ImageObject\",\"inLanguage\":\"fr-FR\",\"@id\":\"https:\/\/www.floravea.fr\/#\/schema\/logo\/image\/\",\"url\":\"https:\/\/www.floravea.fr\/wp-content\/uploads\/2025\/05\/photo_2025-05-08_18-17-21.jpg\",\"contentUrl\":\"https:\/\/www.floravea.fr\/wp-content\/uploads\/2025\/05\/photo_2025-05-08_18-17-21.jpg\",\"width\":500,\"height\":500,\"caption\":\"Floravea.fr\"},\"image\":{\"@id\":\"https:\/\/www.floravea.fr\/#\/schema\/logo\/image\/\"},\"sameAs\":[\"https:\/\/www.instagram.com\/floravea.fr\",\"https:\/\/www.tiktok.com\/@floravea.fr\"]}]}<\/script>\n<!-- \/ Yoast SEO plugin. -->","yoast_head_json":{"title":"Mon compte | Cr\u00e9ations fleurs s\u00e9ch\u00e9es | Floravea.fr","robots":{"index":"noindex","follow":"follow","max-snippet":"max-snippet:-1","max-image-preview":"max-image-preview:large","max-video-preview":"max-video-preview:-1"},"og_locale":"fr_FR","og_type":"article","og_title":"Mon compte | Cr\u00e9ations fleurs s\u00e9ch\u00e9es | Floravea.fr","og_url":"https:\/\/www.floravea.fr\/?page_id=13","og_site_name":"Cr\u00e9ations fleurs s\u00e9ch\u00e9es | Floravea.fr","twitter_card":"summary_large_image","schema":{"@context":"https:\/\/schema.org","@graph":[{"@type":"WebPage","@id":"https:\/\/www.floravea.fr\/?page_id=13","url":"https:\/\/www.floravea.fr\/?page_id=13","name":"Mon compte | Cr\u00e9ations fleurs s\u00e9ch\u00e9es | Floravea.fr","isPartOf":{"@id":"https:\/\/www.floravea.fr\/#website"},"datePublished":"2025-05-05T20:38:41+00:00","breadcrumb":{"@id":"https:\/\/www.floravea.fr\/?page_id=13#breadcrumb"},"inLanguage":"fr-FR","potentialAction":[{"@type":"ReadAction","target":["https:\/\/www.floravea.fr\/?page_id=13"]}]},{"@type":"BreadcrumbList","@id":"https:\/\/www.floravea.fr\/?page_id=13#breadcrumb","itemListElement":[{"@type":"ListItem","position":1,"name":"Accueil","item":"https:\/\/www.floravea.fr\/"},{"@type":"ListItem","position":2,"name":"Mon compte"}]},{"@type":"WebSite","@id":"https:\/\/www.floravea.fr\/#website","url":"https:\/\/www.floravea.fr\/","name":"Cr\u00e9ations fleurs s\u00e9ch\u00e9es | Floravea.fr","description":"Cr\u00e9ations en fleurs s\u00e9ch\u00e9es et stabilis\u00e9es : lettres fleuries, bouquets, couronnes\u2026 Pour mariage, naissance, bapt\u00eame, anniversaire ou d\u00e9co unique.","publisher":{"@id":"https:\/\/www.floravea.fr\/#organization"},"potentialAction":[{"@type":"SearchAction","target":{"@type":"EntryPoint","urlTemplate":"https:\/\/www.floravea.fr\/?s={search_term_string}"},"query-input":{"@type":"PropertyValueSpecification","valueRequired":true,"valueName":"search_term_string"}}],"inLanguage":"fr-FR"},{"@type":"Organization","@id":"https:\/\/www.floravea.fr\/#organization","name":"Floravea.fr","url":"https:\/\/www.floravea.fr\/","logo":{"@type":"ImageObject","inLanguage":"fr-FR","@id":"https:\/\/www.floravea.fr\/#\/schema\/logo\/image\/","url":"https:\/\/www.floravea.fr\/wp-content\/uploads\/2025\/05\/photo_2025-05-08_18-17-21.jpg","contentUrl":"https:\/\/www.floravea.fr\/wp-content\/uploads\/2025\/05\/photo_2025-05-08_18-17-21.jpg","width":500,"height":500,"caption":"Floravea.fr"},"image":{"@id":"https:\/\/www.floravea.fr\/#\/schema\/logo\/image\/"},"sameAs":["https:\/\/www.instagram.com\/floravea.fr","https:\/\/www.tiktok.com\/@floravea.fr"]}]}},"_links":{"self":[{"href":"https:\/\/www.floravea.fr\/index.php?rest_route=\/wp\/v2\/pages\/13","targetHints":{"allow":["GET"]}}],"collection":[{"href":"https:\/\/www.floravea.fr\/index.php?rest_route=\/wp\/v2\/pages"}],"about":[{"href":"https:\/\/www.floravea.fr\/index.php?rest_route=\/wp\/v2\/types\/page"}],"author":[{"embeddable":true,"href":"https:\/\/www.floravea.fr\/index.php?rest_route=\/wp\/v2\/users\/1"}],"replies":[{"embeddable":true,"href":"https:\/\/www.floravea.fr\/index.php?rest_route=%2Fwp%2Fv2%2Fcomments&post=13"}],"version-history":[{"count":0,"href":"https:\/\/www.floravea.fr\/index.php?rest_route=\/wp\/v2\/pages\/13\/revisions"}],"wp:attachment":[{"href":"https:\/\/www.floravea.fr\/index.php?rest_route=%2Fwp%2Fv2%2Fmedia&parent=13"}],"curies":[{"name":"wp","href":"https:\/\/api.w.org\/{rel}","templated":true}]}}